{"id":1206,"date":"2024-01-04T11:22:31","date_gmt":"2024-01-04T10:22:31","guid":{"rendered":"https:\/\/absolwent.wsiz.edu.pl\/wspolpraca\/"},"modified":"2024-05-08T10:49:05","modified_gmt":"2024-05-08T08:49:05","slug":"wspolpraca","status":"publish","type":"page","link":"https:\/\/absolwent.wsiz.edu.pl\/en\/wspolpraca\/","title":{"rendered":"Cooperation"},"content":{"rendered":"<div class=\"container-fluid \">\n<div class=\"ddl-full-width-row row Background_Ciemno_Niebieskie ddl-frontend-editor-row ddl-frontend-editor-editable\" data-id='11' data-name='Row 4' data-type='row' data-layout_slug='' data-kind='Row' >\n<div class=\"col-md-6 Padding_Top_100px Cormorant_70px Padding_Bottom_100px Kolor_Tekstu_FFFFFF Display_Flex Banner_Polowki ddl-frontend-editor-cell ddl-frontend-editor-editable js-ddl-frontend-editor-cell\" data-id='7' data-name='Visual Editor 11' data-type='cell-text' data-layout_slug='' data-kind='Cell'>\n<h1>Cooperation<\/h1>\n<\/div>\n<div class=\"col-md-6 Padding_Left_0px ddl-frontend-editor-cell ddl-frontend-editor-editable js-ddl-frontend-editor-cell\" data-id='9' data-name='Obraz' data-type='imagebox-cell' data-layout_slug='' data-kind='Cell'>  <img decoding=\"async\" src=\"https:\/\/absolwent.wsiz.edu.pl\/wp-content\/uploads\/2023\/12\/Tlo_7.png\" class=\" img-fluid alignnone\" \/>   <\/div>\n<\/div>\n<\/div>\n<div class=\"container-fluid \">\n<div class=\"ddl-full-width-row row ddl-frontend-editor-row ddl-frontend-editor-editable\" data-id='23' data-name='Row 3' data-type='row' data-layout_slug='' data-kind='Row' >\n<div class=\"col-md-8 Red_Line ddl-frontend-editor-cell ddl-frontend-editor-editable js-ddl-frontend-editor-cell offset-md-2 \" data-id='17' data-name='Visual Editor' data-type='cell-text' data-layout_slug='' data-kind='Cell'>\n<div class=\"Position_Absolute\"><\/div>\n<\/div>\n<\/div>\n<\/div>\n<div class=\"full-bg Padding_Top_100px Padding_Bottom_50px Background_Bezowe ddl-frontend-editor-row ddl-frontend-editor-editable\" data-id='87' data-name='Row 3' data-type='row' data-layout_slug='' data-kind='Row' >\n<div class=\"container \">\n<div class=\"row\">\n<div class=\"col-md-12 ddl-frontend-editor-cell ddl-frontend-editor-editable js-ddl-frontend-editor-cell\" data-id='25' data-name='Grid of cells 2' data-type='container' data-layout_slug='' data-kind='Container'>\n<div class=\"row ddl-frontend-editor-row ddl-frontend-editor-editable\" data-id='37' data-name='Row 1' data-type='row' data-layout_slug='' data-kind='Row' >\n<div class=\"col-md-8 Inter_22px ddl-frontend-editor-cell ddl-frontend-editor-editable js-ddl-frontend-editor-cell offset-md-2 \" data-id='31' data-name='Visual Editor 5' data-type='cell-text' data-layout_slug='' data-kind='Cell'>\n<p>Do you run a company and are looking for new communication channels? We encourage you to establish cooperation with the university and the Club.<\/p><\/div>\n<\/div>\n<div class=\"row ddl-frontend-editor-row ddl-frontend-editor-editable\" data-id='49' data-name='Row 2' data-type='row' data-layout_slug='' data-kind='Row' >\n<div class=\"col-md-8 Inter_16px ddl-frontend-editor-cell ddl-frontend-editor-editable js-ddl-frontend-editor-cell offset-md-2 \" data-id='43' data-name='Visual Editor 6' data-type='cell-text' data-layout_slug='' data-kind='Cell'>\n<ul>\n<li>Cooperation with UITM is a certainty that your company cooperates with a solid and reliable partner<\/li>\n<li> it is building the image of a modern, progressive company and open to new opportunities<\/li>\n<li> it is also a form of advertising that will allow you to reach young, educated people &#8211; potential customers<\/li>\n<\/ul><\/div>\n<\/div>\n<div class=\"row ddl-frontend-editor-row ddl-frontend-editor-editable\" data-id='61' data-name='Row 3' data-type='row' data-layout_slug='' data-kind='Row' >\n<div class=\"col-md-8 Inter_16px ddl-frontend-editor-cell ddl-frontend-editor-editable js-ddl-frontend-editor-cell offset-md-2 \" data-id='55' data-name='Visual Editor 7' data-type='cell-text' data-layout_slug='' data-kind='Cell'>\n<p>Of course, our offer of cooperation is also addressed to UITM graduates who run their own companies and want to establish cooperation with the university.<\/p>\n<p>We invite you to submit discount offers that will complement the discount offer available under the Alumni Club card.<\/p><\/div>\n<\/div>\n<div class=\"row Display_None ddl-frontend-editor-row ddl-frontend-editor-editable\" data-id='73' data-name='Row 4' data-type='row' data-layout_slug='' data-kind='Row' >\n<div class=\"col-md-8 Inter_16px ddl-frontend-editor-cell ddl-frontend-editor-editable js-ddl-frontend-editor-cell offset-md-2 \" data-id='67' data-name='Visual Editor 8' data-type='cell-text' data-layout_slug='' data-kind='Cell'>\n<p>Zach\u0119camy zatem do z\u0142o\u017cenia oferty zni\u017cek, kt\u00f3re wejd\u0105 w sk\u0142ad Programu rabatowego Karty Absolwenta.<\/p><\/div>\n<\/div>\n<div class=\"row ddl-frontend-editor-row ddl-frontend-editor-editable\" data-id='85' data-name='Row 5' data-type='row' data-layout_slug='' data-kind='Row' >\n<div class=\"col-md-8 ddl-frontend-editor-cell ddl-frontend-editor-editable js-ddl-frontend-editor-cell offset-md-2 \" data-id='79' data-name='Visual Editor 9' data-type='cell-text' data-layout_slug='' data-kind='Cell'>\n<p><strong>Partners interested in cooperation are welcome to contact the UITM Alumni Club:<\/strong><br \/> absolwent@wsiz.edu.pl<br \/> tel. 17 866 14 45<br \/> street Sucharskiego 2<br \/> 35-225 Rzesz\u00f3w<\/p>\n<\/div>\n<\/div>\n<\/div>\n<\/div>\n<\/div>\n<\/div>\n","protected":false},"excerpt":{"rendered":"<p>Cooperation Do you run a company and are looking for new communication channels? We encourage you to establish cooperation with the university and the Club. Cooperation with UITM is a certainty that your company cooperates with a solid and reliable partner it is building the image of a modern, progressive company and open to new [&hellip;]<\/p>\n","protected":false},"author":1,"featured_media":0,"parent":0,"menu_order":0,"comment_status":"closed","ping_status":"closed","template":"","meta":{"ocean_post_layout":"","ocean_both_sidebars_style":"","ocean_both_sidebars_content_width":0,"ocean_both_sidebars_sidebars_width":0,"ocean_sidebar":"0","ocean_second_sidebar":"0","ocean_disable_margins":"enable","ocean_add_body_class":"","ocean_shortcode_before_top_bar":"","ocean_shortcode_after_top_bar":"","ocean_shortcode_before_header":"","ocean_shortcode_after_header":"","ocean_has_shortcode":"","ocean_shortcode_after_title":"","ocean_shortcode_before_footer_widgets":"","ocean_shortcode_after_footer_widgets":"","ocean_shortcode_before_footer_bottom":"","ocean_shortcode_after_footer_bottom":"","ocean_display_top_bar":"default","ocean_display_header":"default","ocean_header_style":"","ocean_center_header_left_menu":"0","ocean_custom_header_template":"0","ocean_custom_logo":0,"ocean_custom_retina_logo":0,"ocean_custom_logo_max_width":0,"ocean_custom_logo_tablet_max_width":0,"ocean_custom_logo_mobile_max_width":0,"ocean_custom_logo_max_height":0,"ocean_custom_logo_tablet_max_height":0,"ocean_custom_logo_mobile_max_height":0,"ocean_header_custom_menu":"0","ocean_menu_typo_font_family":"0","ocean_menu_typo_font_subset":"","ocean_menu_typo_font_size":0,"ocean_menu_typo_font_size_tablet":0,"ocean_menu_typo_font_size_mobile":0,"ocean_menu_typo_font_size_unit":"px","ocean_menu_typo_font_weight":"","ocean_menu_typo_font_weight_tablet":"","ocean_menu_typo_font_weight_mobile":"","ocean_menu_typo_transform":"","ocean_menu_typo_transform_tablet":"","ocean_menu_typo_transform_mobile":"","ocean_menu_typo_line_height":0,"ocean_menu_typo_line_height_tablet":0,"ocean_menu_typo_line_height_mobile":0,"ocean_menu_typo_line_height_unit":"","ocean_menu_typo_spacing":0,"ocean_menu_typo_spacing_tablet":0,"ocean_menu_typo_spacing_mobile":0,"ocean_menu_typo_spacing_unit":"","ocean_menu_link_color":"","ocean_menu_link_color_hover":"","ocean_menu_link_color_active":"","ocean_menu_link_background":"","ocean_menu_link_hover_background":"","ocean_menu_link_active_background":"","ocean_menu_social_links_bg":"","ocean_menu_social_hover_links_bg":"","ocean_menu_social_links_color":"","ocean_menu_social_hover_links_color":"","ocean_disable_title":"default","ocean_disable_heading":"default","ocean_post_title":"","ocean_post_subheading":"","ocean_post_title_style":"","ocean_post_title_background_color":"","ocean_post_title_background":0,"ocean_post_title_bg_image_position":"","ocean_post_title_bg_image_attachment":"","ocean_post_title_bg_image_repeat":"","ocean_post_title_bg_image_size":"","ocean_post_title_height":0,"ocean_post_title_bg_overlay":0.5,"ocean_post_title_bg_overlay_color":"","ocean_disable_breadcrumbs":"default","ocean_breadcrumbs_color":"","ocean_breadcrumbs_separator_color":"","ocean_breadcrumbs_links_color":"","ocean_breadcrumbs_links_hover_color":"","ocean_display_footer_widgets":"default","ocean_display_footer_bottom":"default","ocean_custom_footer_template":"0","footnotes":""},"class_list":["post-1206","page","type-page","status-publish","hentry","entry"],"yoast_head":"<!-- This site is optimized with the Yoast SEO plugin v27.4 - https:\/\/yoast.com\/product\/yoast-seo-wordpress\/ -->\n<title>Cooperation - absolwent.wsiz.edu.pl<\/title>\n<meta name=\"description\" content=\"Cz\u0142onkostwo w Klubie Absolwenta jest w bezp\u0142atne. Pozostaj\u0105c cz\u0142onkiem naszej spo\u0142eczno\u015bci, zyskasz informacje o zjazdach absolwent\u00f3w, szkoleniach, spotkaniach integracyjnych, zni\u017ckach, ofertach pracy.\" \/>\n<meta name=\"robots\" content=\"index, follow, max-snippet:-1, max-image-preview:large, max-video-preview:-1\" \/>\n<link rel=\"canonical\" href=\"https:\/\/absolwent.wsiz.edu.pl\/en\/wspolpraca\/\" \/>\n<meta property=\"og:locale\" content=\"en_US\" \/>\n<meta property=\"og:type\" content=\"article\" \/>\n<meta property=\"og:title\" content=\"Cooperation - absolwent.wsiz.edu.pl\" \/>\n<meta property=\"og:description\" content=\"Cz\u0142onkostwo w Klubie Absolwenta jest w bezp\u0142atne. Pozostaj\u0105c cz\u0142onkiem naszej spo\u0142eczno\u015bci, zyskasz informacje o zjazdach absolwent\u00f3w, szkoleniach, spotkaniach integracyjnych, zni\u017ckach, ofertach pracy.\" \/>\n<meta property=\"og:url\" content=\"https:\/\/absolwent.wsiz.edu.pl\/en\/wspolpraca\/\" \/>\n<meta property=\"og:site_name\" content=\"absolwent.wsiz.edu.pl\" \/>\n<meta property=\"article:modified_time\" content=\"2024-05-08T08:49:05+00:00\" \/>\n<meta property=\"og:image\" content=\"https:\/\/absolwent.wsiz.edu.pl\/wp-content\/uploads\/2023\/12\/Tlo_7.png\" \/>\n<meta name=\"twitter:card\" content=\"summary_large_image\" \/>\n<meta name=\"twitter:label1\" content=\"Est. reading time\" \/>\n\t<meta name=\"twitter:data1\" content=\"1 minute\" \/>\n<script type=\"application\/ld+json\" class=\"yoast-schema-graph\">{\"@context\":\"https:\\\/\\\/schema.org\",\"@graph\":[{\"@type\":\"WebPage\",\"@id\":\"https:\\\/\\\/absolwent.wsiz.edu.pl\\\/en\\\/wspolpraca\\\/\",\"url\":\"https:\\\/\\\/absolwent.wsiz.edu.pl\\\/en\\\/wspolpraca\\\/\",\"name\":\"Cooperation - absolwent.wsiz.edu.pl\",\"isPartOf\":{\"@id\":\"https:\\\/\\\/absolwent.wsiz.edu.pl\\\/en\\\/#website\"},\"primaryImageOfPage\":{\"@id\":\"https:\\\/\\\/absolwent.wsiz.edu.pl\\\/en\\\/wspolpraca\\\/#primaryimage\"},\"image\":{\"@id\":\"https:\\\/\\\/absolwent.wsiz.edu.pl\\\/en\\\/wspolpraca\\\/#primaryimage\"},\"thumbnailUrl\":\"https:\\\/\\\/absolwent.wsiz.edu.pl\\\/wp-content\\\/uploads\\\/2023\\\/12\\\/Tlo_7.png\",\"datePublished\":\"2024-01-04T10:22:31+00:00\",\"dateModified\":\"2024-05-08T08:49:05+00:00\",\"description\":\"Cz\u0142onkostwo w Klubie Absolwenta jest w bezp\u0142atne. Pozostaj\u0105c cz\u0142onkiem naszej spo\u0142eczno\u015bci, zyskasz informacje o zjazdach absolwent\u00f3w, szkoleniach, spotkaniach integracyjnych, zni\u017ckach, ofertach pracy.\",\"breadcrumb\":{\"@id\":\"https:\\\/\\\/absolwent.wsiz.edu.pl\\\/en\\\/wspolpraca\\\/#breadcrumb\"},\"inLanguage\":\"en-US\",\"potentialAction\":[{\"@type\":\"ReadAction\",\"target\":[\"https:\\\/\\\/absolwent.wsiz.edu.pl\\\/en\\\/wspolpraca\\\/\"]}]},{\"@type\":\"ImageObject\",\"inLanguage\":\"en-US\",\"@id\":\"https:\\\/\\\/absolwent.wsiz.edu.pl\\\/en\\\/wspolpraca\\\/#primaryimage\",\"url\":\"https:\\\/\\\/absolwent.wsiz.edu.pl\\\/wp-content\\\/uploads\\\/2023\\\/12\\\/Tlo_7.png\",\"contentUrl\":\"https:\\\/\\\/absolwent.wsiz.edu.pl\\\/wp-content\\\/uploads\\\/2023\\\/12\\\/Tlo_7.png\"},{\"@type\":\"BreadcrumbList\",\"@id\":\"https:\\\/\\\/absolwent.wsiz.edu.pl\\\/en\\\/wspolpraca\\\/#breadcrumb\",\"itemListElement\":[{\"@type\":\"ListItem\",\"position\":1,\"name\":\"Strona g\u0142\u00f3wna\",\"item\":\"https:\\\/\\\/absolwent.wsiz.edu.pl\\\/en\\\/wip-strona-glowna\\\/\"},{\"@type\":\"ListItem\",\"position\":2,\"name\":\"Cooperation\"}]},{\"@type\":\"WebSite\",\"@id\":\"https:\\\/\\\/absolwent.wsiz.edu.pl\\\/en\\\/#website\",\"url\":\"https:\\\/\\\/absolwent.wsiz.edu.pl\\\/en\\\/\",\"name\":\"Absolwent WSIiZ\",\"description\":\"\",\"publisher\":{\"@id\":\"https:\\\/\\\/absolwent.wsiz.edu.pl\\\/en\\\/#organization\"},\"potentialAction\":[{\"@type\":\"SearchAction\",\"target\":{\"@type\":\"EntryPoint\",\"urlTemplate\":\"https:\\\/\\\/absolwent.wsiz.edu.pl\\\/en\\\/?s={search_term_string}\"},\"query-input\":{\"@type\":\"PropertyValueSpecification\",\"valueRequired\":true,\"valueName\":\"search_term_string\"}}],\"inLanguage\":\"en-US\"},{\"@type\":\"Organization\",\"@id\":\"https:\\\/\\\/absolwent.wsiz.edu.pl\\\/en\\\/#organization\",\"name\":\"Wy\u017csza Szko\u0142a Informatyki i Zarz\u0105dzania\",\"alternateName\":\"WSIiZ\",\"url\":\"https:\\\/\\\/absolwent.wsiz.edu.pl\\\/en\\\/\",\"logo\":{\"@type\":\"ImageObject\",\"inLanguage\":\"en-US\",\"@id\":\"https:\\\/\\\/absolwent.wsiz.edu.pl\\\/en\\\/#\\\/schema\\\/logo\\\/image\\\/\",\"url\":\"https:\\\/\\\/absolwent.wsiz.edu.pl\\\/wp-content\\\/uploads\\\/2023\\\/12\\\/favicon.png\",\"contentUrl\":\"https:\\\/\\\/absolwent.wsiz.edu.pl\\\/wp-content\\\/uploads\\\/2023\\\/12\\\/favicon.png\",\"width\":600,\"height\":600,\"caption\":\"Wy\u017csza Szko\u0142a Informatyki i Zarz\u0105dzania\"},\"image\":{\"@id\":\"https:\\\/\\\/absolwent.wsiz.edu.pl\\\/en\\\/#\\\/schema\\\/logo\\\/image\\\/\"}}]}<\/script>\n<!-- \/ Yoast SEO plugin. -->","yoast_head_json":{"title":"Cooperation - absolwent.wsiz.edu.pl","description":"Cz\u0142onkostwo w Klubie Absolwenta jest w bezp\u0142atne. Pozostaj\u0105c cz\u0142onkiem naszej spo\u0142eczno\u015bci, zyskasz informacje o zjazdach absolwent\u00f3w, szkoleniach, spotkaniach integracyjnych, zni\u017ckach, ofertach pracy.","robots":{"index":"index","follow":"follow","max-snippet":"max-snippet:-1","max-image-preview":"max-image-preview:large","max-video-preview":"max-video-preview:-1"},"canonical":"https:\/\/absolwent.wsiz.edu.pl\/en\/wspolpraca\/","og_locale":"en_US","og_type":"article","og_title":"Cooperation - absolwent.wsiz.edu.pl","og_description":"Cz\u0142onkostwo w Klubie Absolwenta jest w bezp\u0142atne. Pozostaj\u0105c cz\u0142onkiem naszej spo\u0142eczno\u015bci, zyskasz informacje o zjazdach absolwent\u00f3w, szkoleniach, spotkaniach integracyjnych, zni\u017ckach, ofertach pracy.","og_url":"https:\/\/absolwent.wsiz.edu.pl\/en\/wspolpraca\/","og_site_name":"absolwent.wsiz.edu.pl","article_modified_time":"2024-05-08T08:49:05+00:00","og_image":[{"url":"https:\/\/absolwent.wsiz.edu.pl\/wp-content\/uploads\/2023\/12\/Tlo_7.png","type":"","width":"","height":""}],"twitter_card":"summary_large_image","twitter_misc":{"Est. reading time":"1 minute"},"schema":{"@context":"https:\/\/schema.org","@graph":[{"@type":"WebPage","@id":"https:\/\/absolwent.wsiz.edu.pl\/en\/wspolpraca\/","url":"https:\/\/absolwent.wsiz.edu.pl\/en\/wspolpraca\/","name":"Cooperation - absolwent.wsiz.edu.pl","isPartOf":{"@id":"https:\/\/absolwent.wsiz.edu.pl\/en\/#website"},"primaryImageOfPage":{"@id":"https:\/\/absolwent.wsiz.edu.pl\/en\/wspolpraca\/#primaryimage"},"image":{"@id":"https:\/\/absolwent.wsiz.edu.pl\/en\/wspolpraca\/#primaryimage"},"thumbnailUrl":"https:\/\/absolwent.wsiz.edu.pl\/wp-content\/uploads\/2023\/12\/Tlo_7.png","datePublished":"2024-01-04T10:22:31+00:00","dateModified":"2024-05-08T08:49:05+00:00","description":"Cz\u0142onkostwo w Klubie Absolwenta jest w bezp\u0142atne. Pozostaj\u0105c cz\u0142onkiem naszej spo\u0142eczno\u015bci, zyskasz informacje o zjazdach absolwent\u00f3w, szkoleniach, spotkaniach integracyjnych, zni\u017ckach, ofertach pracy.","breadcrumb":{"@id":"https:\/\/absolwent.wsiz.edu.pl\/en\/wspolpraca\/#breadcrumb"},"inLanguage":"en-US","potentialAction":[{"@type":"ReadAction","target":["https:\/\/absolwent.wsiz.edu.pl\/en\/wspolpraca\/"]}]},{"@type":"ImageObject","inLanguage":"en-US","@id":"https:\/\/absolwent.wsiz.edu.pl\/en\/wspolpraca\/#primaryimage","url":"https:\/\/absolwent.wsiz.edu.pl\/wp-content\/uploads\/2023\/12\/Tlo_7.png","contentUrl":"https:\/\/absolwent.wsiz.edu.pl\/wp-content\/uploads\/2023\/12\/Tlo_7.png"},{"@type":"BreadcrumbList","@id":"https:\/\/absolwent.wsiz.edu.pl\/en\/wspolpraca\/#breadcrumb","itemListElement":[{"@type":"ListItem","position":1,"name":"Strona g\u0142\u00f3wna","item":"https:\/\/absolwent.wsiz.edu.pl\/en\/wip-strona-glowna\/"},{"@type":"ListItem","position":2,"name":"Cooperation"}]},{"@type":"WebSite","@id":"https:\/\/absolwent.wsiz.edu.pl\/en\/#website","url":"https:\/\/absolwent.wsiz.edu.pl\/en\/","name":"Absolwent WSIiZ","description":"","publisher":{"@id":"https:\/\/absolwent.wsiz.edu.pl\/en\/#organization"},"potentialAction":[{"@type":"SearchAction","target":{"@type":"EntryPoint","urlTemplate":"https:\/\/absolwent.wsiz.edu.pl\/en\/?s={search_term_string}"},"query-input":{"@type":"PropertyValueSpecification","valueRequired":true,"valueName":"search_term_string"}}],"inLanguage":"en-US"},{"@type":"Organization","@id":"https:\/\/absolwent.wsiz.edu.pl\/en\/#organization","name":"Wy\u017csza Szko\u0142a Informatyki i Zarz\u0105dzania","alternateName":"WSIiZ","url":"https:\/\/absolwent.wsiz.edu.pl\/en\/","logo":{"@type":"ImageObject","inLanguage":"en-US","@id":"https:\/\/absolwent.wsiz.edu.pl\/en\/#\/schema\/logo\/image\/","url":"https:\/\/absolwent.wsiz.edu.pl\/wp-content\/uploads\/2023\/12\/favicon.png","contentUrl":"https:\/\/absolwent.wsiz.edu.pl\/wp-content\/uploads\/2023\/12\/favicon.png","width":600,"height":600,"caption":"Wy\u017csza Szko\u0142a Informatyki i Zarz\u0105dzania"},"image":{"@id":"https:\/\/absolwent.wsiz.edu.pl\/en\/#\/schema\/logo\/image\/"}}]}},"_links":{"self":[{"href":"https:\/\/absolwent.wsiz.edu.pl\/en\/wp-json\/wp\/v2\/pages\/1206","targetHints":{"allow":["GET"]}}],"collection":[{"href":"https:\/\/absolwent.wsiz.edu.pl\/en\/wp-json\/wp\/v2\/pages"}],"about":[{"href":"https:\/\/absolwent.wsiz.edu.pl\/en\/wp-json\/wp\/v2\/types\/page"}],"author":[{"embeddable":true,"href":"https:\/\/absolwent.wsiz.edu.pl\/en\/wp-json\/wp\/v2\/users\/1"}],"replies":[{"embeddable":true,"href":"https:\/\/absolwent.wsiz.edu.pl\/en\/wp-json\/wp\/v2\/comments?post=1206"}],"version-history":[{"count":11,"href":"https:\/\/absolwent.wsiz.edu.pl\/en\/wp-json\/wp\/v2\/pages\/1206\/revisions"}],"predecessor-version":[{"id":42674,"href":"https:\/\/absolwent.wsiz.edu.pl\/en\/wp-json\/wp\/v2\/pages\/1206\/revisions\/42674"}],"wp:attachment":[{"href":"https:\/\/absolwent.wsiz.edu.pl\/en\/wp-json\/wp\/v2\/media?parent=1206"}],"curies":[{"name":"wp","href":"https:\/\/api.w.org\/{rel}","templated":true}]}}