{"id":42683,"date":"2024-05-08T12:53:12","date_gmt":"2024-05-08T10:53:12","guid":{"rendered":"https:\/\/absolwent.wsiz.edu.pl\/?page_id=42683"},"modified":"2024-05-09T08:02:35","modified_gmt":"2024-05-09T06:02:35","slug":"privacy-policy","status":"publish","type":"page","link":"https:\/\/absolwent.wsiz.edu.pl\/en\/privacy-policy\/","title":{"rendered":"Privacy Policy"},"content":{"rendered":"<div class=\"container \">\n<div class=\"row ddl-frontend-editor-row ddl-frontend-editor-editable\" data-id='' data-name='Row 1' data-type='row' data-layout_slug='' data-kind='Row' >\n<div class=\"col-md-12 ddl-frontend-editor-cell ddl-frontend-editor-editable js-ddl-frontend-editor-cell\" data-id='' data-name='Visual Editor' data-type='cell-text' data-layout_slug='' data-kind='Cell'>\n<div class=\"row top-text\">\n<div class=\"col-md-12\">\n<div class=\"bialty-container\">\n<p><strong>The UITM websites contain cookies in order to make the sites work properly.<\/strong><\/p><\/div>\n<\/p><\/div>\n<\/p><\/div>\n<div class=\"row \">\n<div class=\"col-md-12\">\n<div class=\"row \">\n<div class=\"col-md-12 left-content\">\n<div class=\"bialty-container\">\n<div class=\"bialty-container\">\n<div id=\"ctl00_PlaceHolderMain_Content__ControlWrapper_RichHtmlField\">This means that cookies make it easier for users to use websites, but they are also used for statistical purposes and to use social media features. In no case are cookies used to store personal data, identify users or track their online activity. Additional information can be found at: <a href=\"http:\/\/wszystkoociasteczkach.pl\/\" target=\"_blank\" rel=\"noopener nofollow\">http:\/\/wszystkoociasteczkach.pl <\/a> <\/p>\n<p><strong>How to disable cookies<\/strong><\/p>\n<p>All modern browsers allow you to disable cookies (the default is enabled). You can find out how to change cookie settings in most popular browsers on the following websites:<\/p>\n<ul>\n<li><a href=\"https:\/\/support.google.com\/chrome\/answer\/95647?hl=pl\" target=\"_blank\" rel=\"noopener nofollow\">Chrome<\/a><\/li>\n<li><a href=\"https:\/\/support.mozilla.org\/pl\/kb\/ciasteczka\" target=\"_blank\" rel=\"noopener nofollow\">Firefox<\/a><\/li>\n<li><a href=\"http:\/\/windows.microsoft.com\/pl-PL\/windows7\/How-to-manage-cookies-in-Internet-Explorer-9\" target=\"_blank\" rel=\"noopener nofollow\">Internet Explorer<\/a><\/li>\n<li><a href=\"http:\/\/help.opera.com\/Linux\/12.10\/pl\/cookies.html\" target=\"_blank\" rel=\"noopener nofollow\">Opera<\/a><\/li>\n<\/ul>\n<p>Please remember, that once you change the cookie settings in the browser, depending on the chosen option, you may lose access to some services or some of their features.<\/p><\/div>\n<\/p><\/div>\n<\/p><\/div>\n<\/p><\/div>\n<\/p><\/div>\n<\/p><\/div>\n<\/p><\/div>\n<\/p><\/div>\n<\/div>\n<\/div>\n","protected":false},"excerpt":{"rendered":"<p>The UITM websites contain cookies in order to make the sites work properly. This means that cookies make it easier for users to use websites, but they are also used for statistical purposes and to use social media features. In no case are cookies used to store personal data, identify users or track their online [&hellip;]<\/p>\n","protected":false},"author":6,"featured_media":0,"parent":0,"menu_order":0,"comment_status":"closed","ping_status":"closed","template":"","meta":{"ocean_post_layout":"","ocean_both_sidebars_style":"","ocean_both_sidebars_content_width":0,"ocean_both_sidebars_sidebars_width":0,"ocean_sidebar":"0","ocean_second_sidebar":"0","ocean_disable_margins":"enable","ocean_add_body_class":"","ocean_shortcode_before_top_bar":"","ocean_shortcode_after_top_bar":"","ocean_shortcode_before_header":"","ocean_shortcode_after_header":"","ocean_has_shortcode":"","ocean_shortcode_after_title":"","ocean_shortcode_before_footer_widgets":"","ocean_shortcode_after_footer_widgets":"","ocean_shortcode_before_footer_bottom":"","ocean_shortcode_after_footer_bottom":"","ocean_display_top_bar":"default","ocean_display_header":"default","ocean_header_style":"","ocean_center_header_left_menu":"0","ocean_custom_header_template":"0","ocean_custom_logo":0,"ocean_custom_retina_logo":0,"ocean_custom_logo_max_width":0,"ocean_custom_logo_tablet_max_width":0,"ocean_custom_logo_mobile_max_width":0,"ocean_custom_logo_max_height":0,"ocean_custom_logo_tablet_max_height":0,"ocean_custom_logo_mobile_max_height":0,"ocean_header_custom_menu":"0","ocean_menu_typo_font_family":"0","ocean_menu_typo_font_subset":"","ocean_menu_typo_font_size":0,"ocean_menu_typo_font_size_tablet":0,"ocean_menu_typo_font_size_mobile":0,"ocean_menu_typo_font_size_unit":"px","ocean_menu_typo_font_weight":"","ocean_menu_typo_font_weight_tablet":"","ocean_menu_typo_font_weight_mobile":"","ocean_menu_typo_transform":"","ocean_menu_typo_transform_tablet":"","ocean_menu_typo_transform_mobile":"","ocean_menu_typo_line_height":0,"ocean_menu_typo_line_height_tablet":0,"ocean_menu_typo_line_height_mobile":0,"ocean_menu_typo_line_height_unit":"","ocean_menu_typo_spacing":0,"ocean_menu_typo_spacing_tablet":0,"ocean_menu_typo_spacing_mobile":0,"ocean_menu_typo_spacing_unit":"","ocean_menu_link_color":"","ocean_menu_link_color_hover":"","ocean_menu_link_color_active":"","ocean_menu_link_background":"","ocean_menu_link_hover_background":"","ocean_menu_link_active_background":"","ocean_menu_social_links_bg":"","ocean_menu_social_hover_links_bg":"","ocean_menu_social_links_color":"","ocean_menu_social_hover_links_color":"","ocean_disable_title":"default","ocean_disable_heading":"default","ocean_post_title":"","ocean_post_subheading":"","ocean_post_title_style":"","ocean_post_title_background_color":"","ocean_post_title_background":0,"ocean_post_title_bg_image_position":"","ocean_post_title_bg_image_attachment":"","ocean_post_title_bg_image_repeat":"","ocean_post_title_bg_image_size":"","ocean_post_title_height":0,"ocean_post_title_bg_overlay":0.5,"ocean_post_title_bg_overlay_color":"","ocean_disable_breadcrumbs":"default","ocean_breadcrumbs_color":"","ocean_breadcrumbs_separator_color":"","ocean_breadcrumbs_links_color":"","ocean_breadcrumbs_links_hover_color":"","ocean_display_footer_widgets":"default","ocean_display_footer_bottom":"default","ocean_custom_footer_template":"0","footnotes":""},"class_list":["post-42683","page","type-page","status-publish","hentry","entry"],"yoast_head":"<!-- This site is optimized with the Yoast SEO plugin v27.4 - https:\/\/yoast.com\/product\/yoast-seo-wordpress\/ -->\n<title>Privacy Policy - absolwent.wsiz.edu.pl<\/title>\n<meta name=\"description\" content=\"Cz\u0142onkostwo w Klubie Absolwenta jest w bezp\u0142atne. Pozostaj\u0105c cz\u0142onkiem naszej spo\u0142eczno\u015bci, zyskasz informacje o zjazdach absolwent\u00f3w, szkoleniach, spotkaniach integracyjnych, zni\u017ckach, ofertach pracy.\" \/>\n<meta name=\"robots\" content=\"index, follow, max-snippet:-1, max-image-preview:large, max-video-preview:-1\" \/>\n<link rel=\"canonical\" href=\"https:\/\/absolwent.wsiz.edu.pl\/en\/privacy-policy\/\" \/>\n<meta property=\"og:locale\" content=\"en_US\" \/>\n<meta property=\"og:type\" content=\"article\" \/>\n<meta property=\"og:title\" content=\"Privacy Policy - absolwent.wsiz.edu.pl\" \/>\n<meta property=\"og:description\" content=\"Cz\u0142onkostwo w Klubie Absolwenta jest w bezp\u0142atne. Pozostaj\u0105c cz\u0142onkiem naszej spo\u0142eczno\u015bci, zyskasz informacje o zjazdach absolwent\u00f3w, szkoleniach, spotkaniach integracyjnych, zni\u017ckach, ofertach pracy.\" \/>\n<meta property=\"og:url\" content=\"https:\/\/absolwent.wsiz.edu.pl\/en\/privacy-policy\/\" \/>\n<meta property=\"og:site_name\" content=\"absolwent.wsiz.edu.pl\" \/>\n<meta property=\"article:modified_time\" content=\"2024-05-09T06:02:35+00:00\" \/>\n<meta property=\"og:image\" content=\"https:\/\/absolwent.wsiz.edu.pl\/wp-content\/uploads\/2023\/12\/favicon.png\" \/>\n\t<meta property=\"og:image:width\" content=\"600\" \/>\n\t<meta property=\"og:image:height\" content=\"600\" \/>\n\t<meta property=\"og:image:type\" content=\"image\/png\" \/>\n<meta name=\"twitter:card\" content=\"summary_large_image\" \/>\n<meta name=\"twitter:label1\" content=\"Est. reading time\" \/>\n\t<meta name=\"twitter:data1\" content=\"1 minute\" \/>\n<script type=\"application\/ld+json\" class=\"yoast-schema-graph\">{\"@context\":\"https:\\\/\\\/schema.org\",\"@graph\":[{\"@type\":\"WebPage\",\"@id\":\"https:\\\/\\\/absolwent.wsiz.edu.pl\\\/en\\\/privacy-policy\\\/\",\"url\":\"https:\\\/\\\/absolwent.wsiz.edu.pl\\\/en\\\/privacy-policy\\\/\",\"name\":\"Privacy Policy - absolwent.wsiz.edu.pl\",\"isPartOf\":{\"@id\":\"https:\\\/\\\/absolwent.wsiz.edu.pl\\\/en\\\/#website\"},\"datePublished\":\"2024-05-08T10:53:12+00:00\",\"dateModified\":\"2024-05-09T06:02:35+00:00\",\"description\":\"Cz\u0142onkostwo w Klubie Absolwenta jest w bezp\u0142atne. Pozostaj\u0105c cz\u0142onkiem naszej spo\u0142eczno\u015bci, zyskasz informacje o zjazdach absolwent\u00f3w, szkoleniach, spotkaniach integracyjnych, zni\u017ckach, ofertach pracy.\",\"breadcrumb\":{\"@id\":\"https:\\\/\\\/absolwent.wsiz.edu.pl\\\/en\\\/privacy-policy\\\/#breadcrumb\"},\"inLanguage\":\"en-US\",\"potentialAction\":[{\"@type\":\"ReadAction\",\"target\":[\"https:\\\/\\\/absolwent.wsiz.edu.pl\\\/en\\\/privacy-policy\\\/\"]}]},{\"@type\":\"BreadcrumbList\",\"@id\":\"https:\\\/\\\/absolwent.wsiz.edu.pl\\\/en\\\/privacy-policy\\\/#breadcrumb\",\"itemListElement\":[{\"@type\":\"ListItem\",\"position\":1,\"name\":\"Strona g\u0142\u00f3wna\",\"item\":\"https:\\\/\\\/absolwent.wsiz.edu.pl\\\/en\\\/wip-strona-glowna\\\/\"},{\"@type\":\"ListItem\",\"position\":2,\"name\":\"Privacy Policy\"}]},{\"@type\":\"WebSite\",\"@id\":\"https:\\\/\\\/absolwent.wsiz.edu.pl\\\/en\\\/#website\",\"url\":\"https:\\\/\\\/absolwent.wsiz.edu.pl\\\/en\\\/\",\"name\":\"Absolwent WSIiZ\",\"description\":\"\",\"publisher\":{\"@id\":\"https:\\\/\\\/absolwent.wsiz.edu.pl\\\/en\\\/#organization\"},\"potentialAction\":[{\"@type\":\"SearchAction\",\"target\":{\"@type\":\"EntryPoint\",\"urlTemplate\":\"https:\\\/\\\/absolwent.wsiz.edu.pl\\\/en\\\/?s={search_term_string}\"},\"query-input\":{\"@type\":\"PropertyValueSpecification\",\"valueRequired\":true,\"valueName\":\"search_term_string\"}}],\"inLanguage\":\"en-US\"},{\"@type\":\"Organization\",\"@id\":\"https:\\\/\\\/absolwent.wsiz.edu.pl\\\/en\\\/#organization\",\"name\":\"Wy\u017csza Szko\u0142a Informatyki i Zarz\u0105dzania\",\"alternateName\":\"WSIiZ\",\"url\":\"https:\\\/\\\/absolwent.wsiz.edu.pl\\\/en\\\/\",\"logo\":{\"@type\":\"ImageObject\",\"inLanguage\":\"en-US\",\"@id\":\"https:\\\/\\\/absolwent.wsiz.edu.pl\\\/en\\\/#\\\/schema\\\/logo\\\/image\\\/\",\"url\":\"https:\\\/\\\/absolwent.wsiz.edu.pl\\\/wp-content\\\/uploads\\\/2023\\\/12\\\/favicon.png\",\"contentUrl\":\"https:\\\/\\\/absolwent.wsiz.edu.pl\\\/wp-content\\\/uploads\\\/2023\\\/12\\\/favicon.png\",\"width\":600,\"height\":600,\"caption\":\"Wy\u017csza Szko\u0142a Informatyki i Zarz\u0105dzania\"},\"image\":{\"@id\":\"https:\\\/\\\/absolwent.wsiz.edu.pl\\\/en\\\/#\\\/schema\\\/logo\\\/image\\\/\"}}]}<\/script>\n<!-- \/ Yoast SEO plugin. -->","yoast_head_json":{"title":"Privacy Policy - absolwent.wsiz.edu.pl","description":"Cz\u0142onkostwo w Klubie Absolwenta jest w bezp\u0142atne. Pozostaj\u0105c cz\u0142onkiem naszej spo\u0142eczno\u015bci, zyskasz informacje o zjazdach absolwent\u00f3w, szkoleniach, spotkaniach integracyjnych, zni\u017ckach, ofertach pracy.","robots":{"index":"index","follow":"follow","max-snippet":"max-snippet:-1","max-image-preview":"max-image-preview:large","max-video-preview":"max-video-preview:-1"},"canonical":"https:\/\/absolwent.wsiz.edu.pl\/en\/privacy-policy\/","og_locale":"en_US","og_type":"article","og_title":"Privacy Policy - absolwent.wsiz.edu.pl","og_description":"Cz\u0142onkostwo w Klubie Absolwenta jest w bezp\u0142atne. Pozostaj\u0105c cz\u0142onkiem naszej spo\u0142eczno\u015bci, zyskasz informacje o zjazdach absolwent\u00f3w, szkoleniach, spotkaniach integracyjnych, zni\u017ckach, ofertach pracy.","og_url":"https:\/\/absolwent.wsiz.edu.pl\/en\/privacy-policy\/","og_site_name":"absolwent.wsiz.edu.pl","article_modified_time":"2024-05-09T06:02:35+00:00","og_image":[{"width":600,"height":600,"url":"https:\/\/absolwent.wsiz.edu.pl\/wp-content\/uploads\/2023\/12\/favicon.png","type":"image\/png"}],"twitter_card":"summary_large_image","twitter_misc":{"Est. reading time":"1 minute"},"schema":{"@context":"https:\/\/schema.org","@graph":[{"@type":"WebPage","@id":"https:\/\/absolwent.wsiz.edu.pl\/en\/privacy-policy\/","url":"https:\/\/absolwent.wsiz.edu.pl\/en\/privacy-policy\/","name":"Privacy Policy - absolwent.wsiz.edu.pl","isPartOf":{"@id":"https:\/\/absolwent.wsiz.edu.pl\/en\/#website"},"datePublished":"2024-05-08T10:53:12+00:00","dateModified":"2024-05-09T06:02:35+00:00","description":"Cz\u0142onkostwo w Klubie Absolwenta jest w bezp\u0142atne. Pozostaj\u0105c cz\u0142onkiem naszej spo\u0142eczno\u015bci, zyskasz informacje o zjazdach absolwent\u00f3w, szkoleniach, spotkaniach integracyjnych, zni\u017ckach, ofertach pracy.","breadcrumb":{"@id":"https:\/\/absolwent.wsiz.edu.pl\/en\/privacy-policy\/#breadcrumb"},"inLanguage":"en-US","potentialAction":[{"@type":"ReadAction","target":["https:\/\/absolwent.wsiz.edu.pl\/en\/privacy-policy\/"]}]},{"@type":"BreadcrumbList","@id":"https:\/\/absolwent.wsiz.edu.pl\/en\/privacy-policy\/#breadcrumb","itemListElement":[{"@type":"ListItem","position":1,"name":"Strona g\u0142\u00f3wna","item":"https:\/\/absolwent.wsiz.edu.pl\/en\/wip-strona-glowna\/"},{"@type":"ListItem","position":2,"name":"Privacy Policy"}]},{"@type":"WebSite","@id":"https:\/\/absolwent.wsiz.edu.pl\/en\/#website","url":"https:\/\/absolwent.wsiz.edu.pl\/en\/","name":"Absolwent WSIiZ","description":"","publisher":{"@id":"https:\/\/absolwent.wsiz.edu.pl\/en\/#organization"},"potentialAction":[{"@type":"SearchAction","target":{"@type":"EntryPoint","urlTemplate":"https:\/\/absolwent.wsiz.edu.pl\/en\/?s={search_term_string}"},"query-input":{"@type":"PropertyValueSpecification","valueRequired":true,"valueName":"search_term_string"}}],"inLanguage":"en-US"},{"@type":"Organization","@id":"https:\/\/absolwent.wsiz.edu.pl\/en\/#organization","name":"Wy\u017csza Szko\u0142a Informatyki i Zarz\u0105dzania","alternateName":"WSIiZ","url":"https:\/\/absolwent.wsiz.edu.pl\/en\/","logo":{"@type":"ImageObject","inLanguage":"en-US","@id":"https:\/\/absolwent.wsiz.edu.pl\/en\/#\/schema\/logo\/image\/","url":"https:\/\/absolwent.wsiz.edu.pl\/wp-content\/uploads\/2023\/12\/favicon.png","contentUrl":"https:\/\/absolwent.wsiz.edu.pl\/wp-content\/uploads\/2023\/12\/favicon.png","width":600,"height":600,"caption":"Wy\u017csza Szko\u0142a Informatyki i Zarz\u0105dzania"},"image":{"@id":"https:\/\/absolwent.wsiz.edu.pl\/en\/#\/schema\/logo\/image\/"}}]}},"_links":{"self":[{"href":"https:\/\/absolwent.wsiz.edu.pl\/en\/wp-json\/wp\/v2\/pages\/42683","targetHints":{"allow":["GET"]}}],"collection":[{"href":"https:\/\/absolwent.wsiz.edu.pl\/en\/wp-json\/wp\/v2\/pages"}],"about":[{"href":"https:\/\/absolwent.wsiz.edu.pl\/en\/wp-json\/wp\/v2\/types\/page"}],"author":[{"embeddable":true,"href":"https:\/\/absolwent.wsiz.edu.pl\/en\/wp-json\/wp\/v2\/users\/6"}],"replies":[{"embeddable":true,"href":"https:\/\/absolwent.wsiz.edu.pl\/en\/wp-json\/wp\/v2\/comments?post=42683"}],"version-history":[{"count":2,"href":"https:\/\/absolwent.wsiz.edu.pl\/en\/wp-json\/wp\/v2\/pages\/42683\/revisions"}],"predecessor-version":[{"id":42754,"href":"https:\/\/absolwent.wsiz.edu.pl\/en\/wp-json\/wp\/v2\/pages\/42683\/revisions\/42754"}],"wp:attachment":[{"href":"https:\/\/absolwent.wsiz.edu.pl\/en\/wp-json\/wp\/v2\/media?parent=42683"}],"curies":[{"name":"wp","href":"https:\/\/api.w.org\/{rel}","templated":true}]}}